{"id":64,"date":"2024-04-11T18:08:27","date_gmt":"2024-04-11T16:08:27","guid":{"rendered":"https:\/\/curieuxprintemps.fr\/?page_id=64"},"modified":"2026-03-20T10:02:20","modified_gmt":"2026-03-20T09:02:20","slug":"partenaires","status":"publish","type":"page","link":"https:\/\/curieuxprintemps.fr\/?page_id=64","title":{"rendered":"Partenaires"},"content":{"rendered":"\n<div class=\"wp-block-group is-nowrap is-layout-flex wp-container-core-group-is-layout-1 wp-block-group-is-layout-flex\">\n<figure class=\"wp-block-image size-full is-resized\"><img loading=\"lazy\" decoding=\"async\" width=\"204\" height=\"86\" src=\"https:\/\/curieuxprintemps.fr\/wp-content\/uploads\/2024\/04\/logo-08.png\" alt=\"\" class=\"wp-image-218\" style=\"width:170px;height:auto\"\/><\/figure>\n\n\n\n<p>CreArt est un r\u00e9seau de coop\u00e9ration culturelle, principalement dans le domaine des arts visuels, qui relie 13 villes europ\u00e9ennes de taille moyenne.<\/p>\n<\/div>\n\n\n\n<div class=\"wp-block-columns is-layout-flex wp-container-core-columns-is-layout-1 wp-block-columns-is-layout-flex\">\n<div class=\"wp-block-column is-layout-flow wp-block-column-is-layout-flow\" style=\"flex-basis:100%\"><\/div>\n<\/div>\n\n\n\n<hr class=\"wp-block-separator has-alpha-channel-opacity is-style-wide\"\/>\n\n\n\n<h1 class=\"wp-block-heading\">Remerciements<\/h1>\n\n\n\n<p>Nous remercions chaleureusement le doyenn\u00e9 Rouen-Sud, la MJC Rive-Gauche, association Rouen Cit\u00e9 Jeunes, la MJC du Mont-Gargan, les Mots \u00c9ph\u00e9m\u00e8res, le fait social, le Quartier Libre de Rouen, le r\u00e9seau Astuce, la Case, centre commercial Saint-Sever ainsi que les services et \u00e9tablissement de la Ville de Rouen.<\/p>\n","protected":false},"excerpt":{"rendered":"<p>CreArt est un r\u00e9seau de coop\u00e9ration culturelle, principalement dans le domaine des arts visuels, qui relie 13 villes europ\u00e9ennes de taille moyenne. Remerciements Nous remercions chaleureusement le doyenn\u00e9 Rouen-Sud, la [&hellip;]<\/p>\n","protected":false},"author":1,"featured_media":0,"parent":0,"menu_order":0,"comment_status":"closed","ping_status":"closed","template":"","meta":{"footnotes":""},"_links":{"self":[{"href":"https:\/\/curieuxprintemps.fr\/index.php?rest_route=\/wp\/v2\/pages\/64"}],"collection":[{"href":"https:\/\/curieuxprintemps.fr\/index.php?rest_route=\/wp\/v2\/pages"}],"about":[{"href":"https:\/\/curieuxprintemps.fr\/index.php?rest_route=\/wp\/v2\/types\/page"}],"author":[{"embeddable":true,"href":"https:\/\/curieuxprintemps.fr\/index.php?rest_route=\/wp\/v2\/users\/1"}],"replies":[{"embeddable":true,"href":"https:\/\/curieuxprintemps.fr\/index.php?rest_route=%2Fwp%2Fv2%2Fcomments&post=64"}],"version-history":[{"count":7,"href":"https:\/\/curieuxprintemps.fr\/index.php?rest_route=\/wp\/v2\/pages\/64\/revisions"}],"predecessor-version":[{"id":631,"href":"https:\/\/curieuxprintemps.fr\/index.php?rest_route=\/wp\/v2\/pages\/64\/revisions\/631"}],"wp:attachment":[{"href":"https:\/\/curieuxprintemps.fr\/index.php?rest_route=%2Fwp%2Fv2%2Fmedia&parent=64"}],"curies":[{"name":"wp","href":"https:\/\/api.w.org\/{rel}","templated":true}]}}