{"id":62,"date":"2024-04-11T18:08:14","date_gmt":"2024-04-11T16:08:14","guid":{"rendered":"https:\/\/curieuxprintemps.fr\/?page_id=62"},"modified":"2026-03-23T15:01:30","modified_gmt":"2026-03-23T14:01:30","slug":"lieux","status":"publish","type":"page","link":"https:\/\/curieuxprintemps.fr\/?page_id=62","title":{"rendered":"Lieux"},"content":{"rendered":"\n<div class=\"wp-block-columns is-layout-flex wp-container-core-columns-is-layout-1 wp-block-columns-is-layout-flex\">\n<div class=\"wp-block-column is-layout-flow wp-block-column-is-layout-flow\">\n<iframe loading=\"lazy\" width=\"100%\" height=\"300px\" frameborder=\"0\" allowfullscreen allow=\"geolocation\" src=\"\/\/umap.openstreetmap.fr\/fr\/map\/curieux-printemps-2025_1215964?scaleControl=false&#038;miniMap=false&#038;scrollWheelZoom=false&#038;zoomControl=true&#038;editMode=disabled&#038;moreControl=true&#038;searchControl=null&#038;tilelayersControl=null&#038;embedControl=null&#038;datalayersControl=true&#038;onLoadPanel=none&#038;captionBar=false&#038;captionMenus=true\"><\/iframe><p><a href=\"\/\/umap.openstreetmap.fr\/fr\/map\/curieux-printemps-2025_1215964?scaleControl=false&#038;miniMap=false&#038;scrollWheelZoom=true&#038;zoomControl=true&#038;editMode=disabled&#038;moreControl=true&#038;searchControl=null&#038;tilelayersControl=null&#038;embedControl=null&#038;datalayersControl=true&#038;onLoadPanel=none&#038;captionBar=false&#038;captionMenus=true\">Voir en plein \u00e9cran<\/a><\/p>\n<\/div>\n<\/div>\n\n\n\n<div class=\"wp-block-group is-nowrap is-layout-flex wp-container-core-group-is-layout-1 wp-block-group-is-layout-flex\">\n<figure class=\"wp-block-image size-full is-resized\"><img loading=\"lazy\" decoding=\"async\" width=\"64\" height=\"92\" src=\"https:\/\/curieuxprintemps.fr\/wp-content\/uploads\/2024\/04\/noun-position-1.jpg\" alt=\"\" class=\"wp-image-250\" style=\"width:30px\"\/><\/figure>\n\n\n\n<p><strong>T4<\/strong><\/p>\n<\/div>\n\n\n\n<p>Terminus, face au n\u00b0 23 de la rue Marie-Curie<\/p>\n\n\n\n<hr class=\"wp-block-separator has-text-color has-alpha-channel-opacity has-background is-style-wide\" style=\"background-color:#a8638a;color:#a8638a\"\/>\n\n\n\n<div class=\"wp-block-group is-nowrap is-layout-flex wp-container-core-group-is-layout-2 wp-block-group-is-layout-flex\">\n<figure class=\"wp-block-image size-full is-resized\"><img loading=\"lazy\" decoding=\"async\" width=\"64\" height=\"92\" src=\"https:\/\/curieuxprintemps.fr\/wp-content\/uploads\/2024\/04\/noun-position-2-1.jpg\" alt=\"\" class=\"wp-image-251\" style=\"width:30px\"\/><\/figure>\n\n\n\n<p><strong>Biblioth\u00e8que des Capucins<\/strong><\/p>\n<\/div>\n\n\n\n<p>21 rue des Capucins<br>Acc\u00e8s : bus F2, 15, 20, 22 arr\u00eat Place Saint-Vivien<\/p>\n\n\n\n<hr class=\"wp-block-separator has-text-color has-alpha-channel-opacity has-background is-style-wide\" style=\"background-color:#a8638a;color:#a8638a\"\/>\n\n\n\n<div class=\"wp-block-group is-nowrap is-layout-flex wp-container-core-group-is-layout-3 wp-block-group-is-layout-flex\">\n<figure class=\"wp-block-image size-full is-resized\"><img loading=\"lazy\" decoding=\"async\" width=\"64\" height=\"92\" src=\"https:\/\/curieuxprintemps.fr\/wp-content\/uploads\/2024\/04\/noun-position-3.jpg\" alt=\"\" class=\"wp-image-243\" style=\"width:30px\"\/><\/figure>\n\n\n\n<p><strong>Biblioth\u00e8que Simone-de-Beauvoir<\/strong><\/p>\n<\/div>\n\n\n\n<p>P\u00f4le culturel Grammont, 42 rue Henri-II-Plantagen\u00eat<br>Acc\u00e8s : bus F7 arr\u00eat Simone-de-Beauvoir \/ m\u00e9tro station Honor\u00e9-de-Balzac<\/p>\n\n\n\n<hr class=\"wp-block-separator has-text-color has-alpha-channel-opacity has-background is-style-wide\" style=\"background-color:#a8638a;color:#a8638a\"\/>\n\n\n\n<div class=\"wp-block-group is-nowrap is-layout-flex wp-container-core-group-is-layout-4 wp-block-group-is-layout-flex\">\n<figure class=\"wp-block-image size-full is-resized\"><img loading=\"lazy\" decoding=\"async\" width=\"64\" height=\"92\" src=\"https:\/\/curieuxprintemps.fr\/wp-content\/uploads\/2024\/04\/noun-position-4.jpg\" alt=\"\" class=\"wp-image-244\" style=\"width:30px\"\/><\/figure>\n\n\n\n<p><strong>Centre Andr\u00e9-Malraux<\/strong><\/p>\n<\/div>\n\n\n\n<p>Rue Fran\u00e7ois-Couperin<br>Acc\u00e8s : bus ligne T2 arr\u00eat Couperin<\/p>\n\n\n\n<hr class=\"wp-block-separator has-text-color has-alpha-channel-opacity has-background is-style-wide\" style=\"background-color:#a8638a;color:#a8638a\"\/>\n\n\n\n<div class=\"wp-block-group is-nowrap is-layout-flex wp-container-core-group-is-layout-5 wp-block-group-is-layout-flex\">\n<figure class=\"wp-block-image size-full is-resized\"><img loading=\"lazy\" decoding=\"async\" width=\"64\" height=\"92\" src=\"https:\/\/curieuxprintemps.fr\/wp-content\/uploads\/2024\/04\/noun-position-5.jpg\" alt=\"\" class=\"wp-image-245\" style=\"width:30px\"\/><\/figure>\n\n\n\n<p><strong><strong>Centre Jean-Texcier<\/strong><\/strong><\/p>\n<\/div>\n\n\n\n<p>78 rue Jean-Texcier<br>Acc\u00e8s : bus 10 arr\u00eat Arromanches \/ F2 arr\u00eat Saint-Pierre<\/p>\n\n\n\n<hr class=\"wp-block-separator has-text-color has-alpha-channel-opacity has-background is-style-wide\" style=\"background-color:#a8638a;color:#a8638a\"\/>\n\n\n\n<div class=\"wp-block-group is-nowrap is-layout-flex wp-container-core-group-is-layout-6 wp-block-group-is-layout-flex\">\n<figure class=\"wp-block-image size-full is-resized\"><img loading=\"lazy\" decoding=\"async\" width=\"64\" height=\"92\" src=\"https:\/\/curieuxprintemps.fr\/wp-content\/uploads\/2024\/04\/noun-position-6.jpg\" alt=\"\" class=\"wp-image-246\" style=\"width:30px\"\/><\/figure>\n\n\n\n<p><strong>Centre socio-culturel Simone Veil<\/strong><\/p>\n<\/div>\n\n\n\n<p>74 rue Jules Adeline<br>Acc\u00e8s : bus F7 arr\u00eat Centre social \/ m\u00e9tro station Voltaire<\/p>\n\n\n\n<hr class=\"wp-block-separator has-text-color has-alpha-channel-opacity has-background is-style-wide\" style=\"background-color:#a8638a;color:#a8638a\"\/>\n\n\n\n<div class=\"wp-block-group is-nowrap is-layout-flex wp-container-core-group-is-layout-7 wp-block-group-is-layout-flex\">\n<figure class=\"wp-block-image size-full is-resized\"><img loading=\"lazy\" decoding=\"async\" width=\"64\" height=\"92\" src=\"https:\/\/curieuxprintemps.fr\/wp-content\/uploads\/2024\/04\/noun-position-7.jpg\" alt=\"\" class=\"wp-image-247\" style=\"width:30px\"\/><\/figure>\n\n\n\n<p><strong>Chapelle Sainte-Catherine<\/strong><\/p>\n<\/div>\n\n\n\n<p>6 rue Henri-II-Plantagen\u00eat<br>Acc\u00e8s : bus ligne F7 arr\u00eat Simone-de-Beauvoir<\/p>\n\n\n\n<hr class=\"wp-block-separator has-text-color has-alpha-channel-opacity has-background is-style-wide\" style=\"background-color:#a8638a;color:#a8638a\"\/>\n\n\n\n<div class=\"wp-block-group is-nowrap is-layout-flex wp-container-core-group-is-layout-8 wp-block-group-is-layout-flex\">\n<figure class=\"wp-block-image size-full is-resized\"><img loading=\"lazy\" decoding=\"async\" width=\"64\" height=\"92\" src=\"https:\/\/curieuxprintemps.fr\/wp-content\/uploads\/2024\/04\/noun-position-8.jpg\" alt=\"\" class=\"wp-image-248\" style=\"width:30px\"\/><\/figure>\n\n\n\n<p><strong>Chapelle Saint-Louis<\/strong><\/p>\n<\/div>\n\n\n\n<p>L\u2019\u00e9tincelle, Th\u00e9\u00e2tre(s) de la Ville de Rouen, 4 place de la Rougemare<br>Acc\u00e8s : bus F1, F2, F7, 11, 15, 20, 22 arr\u00eat H\u00f4tel de Ville<\/p>\n\n\n\n<hr class=\"wp-block-separator has-text-color has-alpha-channel-opacity has-background is-style-wide\" style=\"background-color:#a8638a;color:#a8638a\"\/>\n\n\n\n<div class=\"wp-block-group is-nowrap is-layout-flex wp-container-core-group-is-layout-9 wp-block-group-is-layout-flex\">\n<figure class=\"wp-block-image size-full is-resized\"><img loading=\"lazy\" decoding=\"async\" width=\"64\" height=\"92\" src=\"https:\/\/curieuxprintemps.fr\/wp-content\/uploads\/2024\/04\/noun-position-9.jpg\" alt=\"\" class=\"wp-image-249\" style=\"width:30px\"\/><\/figure>\n\n\n\n<p><strong>Jardin de l\u2019H\u00f4tel de Ville<\/strong> <strong>Orangerie<\/strong><\/p>\n<\/div>\n\n\n\n<p>Entr\u00e9e par la rue Dufay<br>Acc\u00e8s : bus F1 arr\u00eat Dufay 27 arr\u00eat Parmentier<\/p>\n\n\n\n<hr class=\"wp-block-separator has-text-color has-alpha-channel-opacity has-background is-style-wide\" style=\"background-color:#a8638a;color:#a8638a\"\/>\n\n\n\n<div class=\"wp-block-group is-nowrap is-layout-flex wp-container-core-group-is-layout-10 wp-block-group-is-layout-flex\">\n<figure class=\"wp-block-image size-full is-resized\"><img loading=\"lazy\" decoding=\"async\" width=\"64\" height=\"92\" src=\"https:\/\/curieuxprintemps.fr\/wp-content\/uploads\/2024\/04\/noun-position-10.jpg\" alt=\"\" class=\"wp-image-256\" style=\"width:30px\"\/><\/figure>\n\n\n\n<p><strong>Jardin des Plantes Kiosque<\/strong><\/p>\n<\/div>\n\n\n\n<p>Entr\u00e9e par la rue de Trianon<br>Acc\u00e8s : bus F1 arr\u00eat Jardin des plantes \/ T4 arr\u00eat 11-Novembre<\/p>\n\n\n\n<hr class=\"wp-block-separator has-text-color has-alpha-channel-opacity has-background is-style-wide\" style=\"background-color:#a8638a;color:#a8638a\"\/>\n\n\n\n<div class=\"wp-block-group is-nowrap is-layout-flex wp-container-core-group-is-layout-11 wp-block-group-is-layout-flex\">\n<figure class=\"wp-block-image size-full is-resized\"><img loading=\"lazy\" decoding=\"async\" width=\"64\" height=\"92\" src=\"https:\/\/curieuxprintemps.fr\/wp-content\/uploads\/2024\/04\/noun-position-11.jpg\" alt=\"\" class=\"wp-image-258\" style=\"width:30px\"\/><\/figure>\n\n\n\n<p><strong>LaboVictorHugo<\/strong><\/p>\n<\/div>\n\n\n\n<p>29 rue Victor-Hugo<br>Acc\u00e8s : bus T1, T2, T3 arr\u00eat Saint-Marc \/ F1, F7, 11 arr\u00eat R\u00e9publique<\/p>\n\n\n\n<hr class=\"wp-block-separator has-text-color has-alpha-channel-opacity has-background is-style-wide\" style=\"background-color:#a8638a;color:#a8638a\"\/>\n\n\n\n<div class=\"wp-block-group is-nowrap is-layout-flex wp-container-core-group-is-layout-12 wp-block-group-is-layout-flex\">\n<figure class=\"wp-block-image size-full is-resized\"><img loading=\"lazy\" decoding=\"async\" width=\"64\" height=\"92\" src=\"https:\/\/curieuxprintemps.fr\/wp-content\/uploads\/2024\/04\/noun-position-12.jpg\" alt=\"\" class=\"wp-image-259\" style=\"width:30px\"\/><\/figure>\n\n\n\n<p><strong>La Case<\/strong><\/p>\n<\/div>\n\n\n\n<p>Centre commercial Saint-Sever, 1er \u00e9tage<br>Acc\u00e8s : m\u00e9tro station Saint-Sever \/ bus F1, F9, 27 arr\u00eat Place Saint-Sever<\/p>\n\n\n\n<hr class=\"wp-block-separator has-text-color has-alpha-channel-opacity has-background is-style-wide\" style=\"background-color:#a8638a;color:#a8638a\"\/>\n\n\n\n<div class=\"wp-block-group is-nowrap is-layout-flex wp-container-core-group-is-layout-13 wp-block-group-is-layout-flex\">\n<figure class=\"wp-block-image size-full is-resized\"><img loading=\"lazy\" decoding=\"async\" width=\"64\" height=\"92\" src=\"https:\/\/curieuxprintemps.fr\/wp-content\/uploads\/2024\/04\/noun-position-13.jpg\" alt=\"\" class=\"wp-image-260\" style=\"width:30px\"\/><\/figure>\n\n\n\n<p><strong>Les Mots \u00c9ph\u00e9m\u00e8res<\/strong><\/p>\n<\/div>\n\n\n\n<p>Hangar 105, 105 quai Jean-de-B\u00e9thencourt<br>Acc\u00e8s : bus T5 arr\u00eat Orl\u00e9ans 33 arr\u00eat Hangars<\/p>\n\n\n\n<hr class=\"wp-block-separator has-text-color has-alpha-channel-opacity has-background is-style-wide\" style=\"background-color:#a8638a;color:#a8638a\"\/>\n\n\n\n<div class=\"wp-block-group is-nowrap is-layout-flex wp-container-core-group-is-layout-14 wp-block-group-is-layout-flex\">\n<figure class=\"wp-block-image size-full is-resized\"><img loading=\"lazy\" decoding=\"async\" width=\"64\" height=\"92\" src=\"https:\/\/curieuxprintemps.fr\/wp-content\/uploads\/2026\/03\/14.png\" alt=\"\" class=\"wp-image-670\" style=\"width:30px\"\/><\/figure>\n\n\n\n<p><strong>Le fait social<\/strong><\/p>\n<\/div>\n\n\n\n<p>Le Quartier Libre, 1 rue Malouet<br>Acc\u00e8s : bus T5, F1, F7, F9, 27 arr\u00eat Champlain<\/p>\n\n\n\n<hr class=\"wp-block-separator has-text-color has-alpha-channel-opacity has-background is-style-wide\" style=\"background-color:#a8638a;color:#a8638a\"\/>\n\n\n\n<div class=\"wp-block-group is-nowrap is-layout-flex wp-container-core-group-is-layout-15 wp-block-group-is-layout-flex\">\n<figure class=\"wp-block-image size-full is-resized\"><img loading=\"lazy\" decoding=\"async\" width=\"64\" height=\"92\" src=\"https:\/\/curieuxprintemps.fr\/wp-content\/uploads\/2026\/03\/15.png\" alt=\"\" class=\"wp-image-671\" style=\"width:30px\"\/><\/figure>\n\n\n\n<p><strong>Ludobulle<\/strong><\/p>\n<\/div>\n\n\n\n<p>Cr\u00e8che Terre des Enfants, 16 avenue de Grammont<br>Acc\u00e8s : m\u00e9tro station Voltaire bus F7 arr\u00eat clinique Mathilde<\/p>\n\n\n\n<hr class=\"wp-block-separator has-text-color has-alpha-channel-opacity has-background is-style-wide\" style=\"background-color:#a8638a;color:#a8638a\"\/>\n\n\n\n<div class=\"wp-block-group is-nowrap is-layout-flex wp-container-core-group-is-layout-16 wp-block-group-is-layout-flex\">\n<figure class=\"wp-block-image size-full is-resized\"><img loading=\"lazy\" decoding=\"async\" width=\"64\" height=\"92\" src=\"https:\/\/curieuxprintemps.fr\/wp-content\/uploads\/2026\/03\/16.png\" alt=\"\" class=\"wp-image-672\" style=\"width:30px\"\/><\/figure>\n\n\n\n<p><strong>MJC du Mont-Gargan<\/strong><\/p>\n<\/div>\n\n\n\n<p>Rue de l\u2019Enseigne Renaud<br>Acc\u00e8s : bus 20 arr\u00eat La Chasse<\/p>\n\n\n\n<hr class=\"wp-block-separator has-text-color has-alpha-channel-opacity has-background is-style-wide\" style=\"background-color:#a8638a;color:#a8638a\"\/>\n\n\n\n<div class=\"wp-block-group is-nowrap is-layout-flex wp-container-core-group-is-layout-17 wp-block-group-is-layout-flex\">\n<figure class=\"wp-block-image size-full is-resized\"><img loading=\"lazy\" decoding=\"async\" width=\"64\" height=\"92\" src=\"https:\/\/curieuxprintemps.fr\/wp-content\/uploads\/2026\/03\/17.png\" alt=\"\" class=\"wp-image-673\" style=\"width:30px\"\/><\/figure>\n\n\n\n<p><strong>MJC Rouen Rive-Gauche<\/strong><\/p>\n<\/div>\n\n\n\n<p>Place de Hanovre<br>Acc\u00e8s : m\u00e9tro station Saint-Sever<\/p>\n\n\n\n<hr class=\"wp-block-separator has-text-color has-alpha-channel-opacity has-background is-style-wide\" style=\"background-color:#a8638a;color:#a8638a\"\/>\n\n\n\n<div class=\"wp-block-group is-nowrap is-layout-flex wp-container-core-group-is-layout-18 wp-block-group-is-layout-flex\">\n<figure class=\"wp-block-image size-full is-resized\"><img loading=\"lazy\" decoding=\"async\" width=\"64\" height=\"92\" src=\"https:\/\/curieuxprintemps.fr\/wp-content\/uploads\/2026\/03\/18.png\" alt=\"\" class=\"wp-image-674\" style=\"width:30px\"\/><\/figure>\n\n\n\n<p><strong>Parc Grammont<\/strong><\/p>\n<\/div>\n\n\n\n<p>Rue Henri-II-Plantagen\u00eat<br>Acc\u00e8s : m\u00e9tro station Saint-Sever<\/p>\n\n\n\n<hr class=\"wp-block-separator has-text-color has-alpha-channel-opacity has-background is-style-wide\" style=\"background-color:#a8638a;color:#a8638a\"\/>\n\n\n\n<div class=\"wp-block-group is-nowrap is-layout-flex wp-container-core-group-is-layout-19 wp-block-group-is-layout-flex\">\n<figure class=\"wp-block-image size-full is-resized\"><img loading=\"lazy\" decoding=\"async\" width=\"64\" height=\"92\" src=\"https:\/\/curieuxprintemps.fr\/wp-content\/uploads\/2026\/03\/19.png\" alt=\"\" class=\"wp-image-676\" style=\"width:30px\"\/><\/figure>\n\n\n\n<p><strong>Salle Louis Jouvet<\/strong><\/p>\n<\/div>\n\n\n\n<p>L\u2019\u00e9tincelle, Th\u00e9\u00e2tre(s) de la Ville de Rouen, 153 rue Albert Dupuis<br>Acc\u00e8s : bus F2 arr\u00eat Salle Louis-Jouvet 10 arr\u00eat Cherbourg<\/p>\n","protected":false},"excerpt":{"rendered":"<p>Voir en plein \u00e9cran T4 Terminus, face au n\u00b0 23 de la rue Marie-Curie Biblioth\u00e8que des Capucins 21 rue des CapucinsAcc\u00e8s : bus F2, 15, 20, 22 arr\u00eat Place Saint-Vivien [&hellip;]<\/p>\n","protected":false},"author":1,"featured_media":0,"parent":0,"menu_order":0,"comment_status":"closed","ping_status":"closed","template":"","meta":{"footnotes":""},"_links":{"self":[{"href":"https:\/\/curieuxprintemps.fr\/index.php?rest_route=\/wp\/v2\/pages\/62"}],"collection":[{"href":"https:\/\/curieuxprintemps.fr\/index.php?rest_route=\/wp\/v2\/pages"}],"about":[{"href":"https:\/\/curieuxprintemps.fr\/index.php?rest_route=\/wp\/v2\/types\/page"}],"author":[{"embeddable":true,"href":"https:\/\/curieuxprintemps.fr\/index.php?rest_route=\/wp\/v2\/users\/1"}],"replies":[{"embeddable":true,"href":"https:\/\/curieuxprintemps.fr\/index.php?rest_route=%2Fwp%2Fv2%2Fcomments&post=62"}],"version-history":[{"count":25,"href":"https:\/\/curieuxprintemps.fr\/index.php?rest_route=\/wp\/v2\/pages\/62\/revisions"}],"predecessor-version":[{"id":680,"href":"https:\/\/curieuxprintemps.fr\/index.php?rest_route=\/wp\/v2\/pages\/62\/revisions\/680"}],"wp:attachment":[{"href":"https:\/\/curieuxprintemps.fr\/index.php?rest_route=%2Fwp%2Fv2%2Fmedia&parent=62"}],"curies":[{"name":"wp","href":"https:\/\/api.w.org\/{rel}","templated":true}]}}