{"id":58,"date":"2024-04-11T18:07:26","date_gmt":"2024-04-11T16:07:26","guid":{"rendered":"https:\/\/curieuxprintemps.fr\/?page_id=58"},"modified":"2026-03-20T11:10:39","modified_gmt":"2026-03-20T10:10:39","slug":"presentation","status":"publish","type":"page","link":"https:\/\/curieuxprintemps.fr\/?page_id=58","title":{"rendered":"Pr\u00e9sentation"},"content":{"rendered":"\n<div class=\"wp-block-columns is-layout-flex wp-container-core-columns-is-layout-1 wp-block-columns-is-layout-flex\">\n<div class=\"wp-block-column is-layout-flow wp-block-column-is-layout-flow\">\n<figure class=\"wp-block-image size-full\"><img loading=\"lazy\" decoding=\"async\" width=\"502\" height=\"683\" src=\"https:\/\/curieuxprintemps.fr\/wp-content\/uploads\/2026\/03\/curieux-printemps-5.png\" alt=\"\" class=\"wp-image-654\" srcset=\"https:\/\/curieuxprintemps.fr\/wp-content\/uploads\/2026\/03\/curieux-printemps-5.png 502w, https:\/\/curieuxprintemps.fr\/wp-content\/uploads\/2026\/03\/curieux-printemps-5-220x300.png 220w\" sizes=\"(max-width: 502px) 100vw, 502px\" \/><\/figure>\n<\/div>\n\n\n\n<div class=\"wp-block-column is-layout-flow wp-block-column-is-layout-flow\">\n<p><em>Ch\u00e8re Madame, cher Monsieur,<\/em><\/p>\n\n\n\n<div style=\"height:16px\" aria-hidden=\"true\" class=\"wp-block-spacer\"><\/div>\n\n\n\n<p><em>Curieux Printemps revient, fid\u00e8le \u00e0 son esprit de d\u00e9couverte et de partage. Du 9 au 30 mai, ce festival de spectacle vivant vous invite \u00e0 explorer une programmation riche et \u00e9clectique, port\u00e9e par des artistes locaux et r\u00e9gionaux.<\/em><\/p>\n\n\n\n<div style=\"height:16px\" aria-hidden=\"true\" class=\"wp-block-spacer\"><\/div>\n\n\n\n<p><em>Chaque repr\u00e9sentation est une porte ouverte sur l\u2019imaginaire, une occasion de se rassembler et d\u2019\u00e9veiller sa curiosit\u00e9. En investissant des lieux vari\u00e9s et en proposant des spectacles pour toutes et tous, Curieux Printemps affirme une culture accessible, vivante et ancr\u00e9e au c\u0153ur de Rouen.<\/em><\/p>\n\n\n\n<div style=\"height:36px\" aria-hidden=\"true\" class=\"wp-block-spacer\"><\/div>\n\n\n\n<ul>\n<li><strong>Nicolas Mayer-Rossignol,<\/strong> Maire de Rouen et Pr\u00e9sident de la M\u00e9tropole Rouen Normandie<\/li>\n<\/ul>\n\n\n\n<ul>\n<li><strong>Marie-Andr\u00e9e Malleville<\/strong>, Adjointe au maire en charge de la Culture<\/li>\n<\/ul>\n<\/div>\n<\/div>\n\n\n\n<div class=\"wp-block-columns is-layout-flex wp-container-core-columns-is-layout-2 wp-block-columns-is-layout-flex\">\n<div class=\"wp-block-column is-layout-flow wp-block-column-is-layout-flow\">\n<div class=\"wp-block-group maclasse\"><div class=\"wp-block-group__inner-container is-layout-constrained wp-block-group-is-layout-constrained\">\n<h2 class=\"wp-block-heading\">Informations pratiques<\/h2>\n\n\n\n<p><strong>Pour les spectacles avec r\u00e9servation<\/strong><br>Tout billet r\u00e9serv\u00e9 non retir\u00e9 10 minutes avant le d\u00e9but du spectacle sera remis \u00e0 disposition du public. Pensez \u00e0 annuler votre r\u00e9servation en cas d&#8217;emp\u00eachement. Un mail de rappel vous sera envoy\u00e9 deux jours avant le spectacle<\/p>\n\n\n\n<div style=\"height:16px\" aria-hidden=\"true\" class=\"wp-block-spacer\"><\/div>\n\n\n\n<p><strong>Pour les spectacles sans r\u00e9servation:<\/strong> <br>Les spectacles sans r\u00e9servation sont accessibles dans la limite des places disponibles.<br>Les billets seront remis \u00e0 disposition du public 30 minutes avant la repr\u00e9sentation.<br><\/p>\n<\/div><\/div>\n<\/div>\n<\/div>\n","protected":false},"excerpt":{"rendered":"<p>Ch\u00e8re Madame, cher Monsieur, Curieux Printemps revient, fid\u00e8le \u00e0 son esprit de d\u00e9couverte et de partage. Du 9 au 30 mai, ce festival de spectacle vivant vous invite \u00e0 explorer [&hellip;]<\/p>\n","protected":false},"author":1,"featured_media":0,"parent":0,"menu_order":0,"comment_status":"closed","ping_status":"closed","template":"","meta":{"footnotes":""},"_links":{"self":[{"href":"https:\/\/curieuxprintemps.fr\/index.php?rest_route=\/wp\/v2\/pages\/58"}],"collection":[{"href":"https:\/\/curieuxprintemps.fr\/index.php?rest_route=\/wp\/v2\/pages"}],"about":[{"href":"https:\/\/curieuxprintemps.fr\/index.php?rest_route=\/wp\/v2\/types\/page"}],"author":[{"embeddable":true,"href":"https:\/\/curieuxprintemps.fr\/index.php?rest_route=\/wp\/v2\/users\/1"}],"replies":[{"embeddable":true,"href":"https:\/\/curieuxprintemps.fr\/index.php?rest_route=%2Fwp%2Fv2%2Fcomments&post=58"}],"version-history":[{"count":40,"href":"https:\/\/curieuxprintemps.fr\/index.php?rest_route=\/wp\/v2\/pages\/58\/revisions"}],"predecessor-version":[{"id":664,"href":"https:\/\/curieuxprintemps.fr\/index.php?rest_route=\/wp\/v2\/pages\/58\/revisions\/664"}],"wp:attachment":[{"href":"https:\/\/curieuxprintemps.fr\/index.php?rest_route=%2Fwp%2Fv2%2Fmedia&parent=58"}],"curies":[{"name":"wp","href":"https:\/\/api.w.org\/{rel}","templated":true}]}}